{"id":772,"date":"2023-03-01T12:11:22","date_gmt":"2023-03-01T15:11:22","guid":{"rendered":"https:\/\/elianabaraldi.com.br\/?page_id=772"},"modified":"2023-03-01T19:54:18","modified_gmt":"2023-03-01T22:54:18","slug":"terminos-de-servicio","status":"publish","type":"page","link":"https:\/\/elianabaraldi.com.br\/es\/terminos-de-servicio\/","title":{"rendered":"T\u00e9rminos de servicio"},"content":{"rendered":"<h3><\/h3>\n<h3 class=\"p1\">T\u00e9rminos de servicio<\/h3>\n<p class=\"p1\"><strong>1. T\u00e9rminos<\/strong><\/p>\n<p class=\"p1\">Al acceder al sitio web de Eliana Baraldi Abogados, usted acepta cumplir con estos t\u00e9rminos de uso, todas las leyes y reglamentos aplicables, y acepta que es responsable de cumplir con todas las leyes locales aplicables. Si no est\u00e1 de acuerdo con alguno de estos t\u00e9rminos, tiene prohibido usar o acceder a este sitio web. Los materiales contenidos en este sitio est\u00e1n protegidos por las leyes de derechos de autor y marcas registradas aplicables.<\/p>\n<p class=\"p1\"><strong>2. Uso de la Licencia<\/strong><\/p>\n<p>1. Se otorga permiso para descargar temporalmente una copia de los materiales (informaci\u00f3n o software) en el sitio web de Eliana Baraldi Advogados solo para visualizaci\u00f3n transitoria personal y no comercial. Esta es la concesi\u00f3n de una licencia, no una transferencia de t\u00edtulo, y bajo esta licencia no puede:<\/p>\n<ol>\n<li>modificar o copiar los materiales;<\/li>\n<li>utilizar los materiales para fines comerciales o para exhibici\u00f3n p\u00fablica (comercial o no comercial);<\/li>\n<li>intentar descompilar o aplicar ingenier\u00eda inversa a cualquier software contenido en el sitio web de Eliana Baraldi Advogados;<\/li>\n<li>eliminar cualquier derecho de autor u otras anotaciones de propiedad de los materiales; o<\/li>\n<li>transferir los materiales a otra persona o \u00abduplicar\u00bb los materiales en cualquier otro servidor.<\/li>\n<\/ol>\n<p>2. Esta licencia terminar\u00e1 autom\u00e1ticamente si usted viola cualquiera de estas restricciones y Eliana Baraldi Advogados puede rescindirla en cualquier momento. Al dejar de ver estos materiales o al finalizar esta licencia, debe eliminar todos los materiales descargados que tenga en su poder, ya sea en formato electr\u00f3nico o impreso.<\/p>\n<p class=\"p1\"><strong>3. Descargo de responsabilidad<\/strong><\/p>\n<p class=\"p1\">Los materiales en el sitio web de Eliana Baraldi Abogados se proporcionan \u00abtal cual\u00bb. Eliana Baraldi Advogados no ofrece garant\u00edas, expresas o impl\u00edcitas, y por la presente renuncia y renuncia a todas las dem\u00e1s garant\u00edas, incluidas, entre otras, garant\u00edas impl\u00edcitas o condiciones de comerciabilidad, idoneidad para un prop\u00f3sito particular o no infracci\u00f3n de propiedad intelectual u otra violaci\u00f3n de derechos.<\/p>\n<p class=\"p1\">Adem\u00e1s, Eliana Baraldi Advogados no garantiza ni hace ninguna representaci\u00f3n con respecto a la precisi\u00f3n, los resultados probables o la confiabilidad del uso de los materiales en su sitio web o relacionados con estos materiales o en los sitios web vinculados a este sitio web.<\/p>\n<p class=\"p1\"><strong>4. Limitaciones<\/strong><\/p>\n<p class=\"p1\">En ning\u00fan caso, Eliana Baraldi Advogados o sus proveedores ser\u00e1n responsables de los da\u00f1os (incluidos, entre otros, los da\u00f1os por p\u00e9rdida de datos o ganancias o debido a la interrupci\u00f3n del negocio) que surjan del uso o la imposibilidad de usar los materiales en Eliana Baraldi Advogados, incluso si Eliana Baraldi Abogados o un representante autorizado de Eliana Baraldi Abogados ha sido notificado verbalmente o por escrito de la posibilidad de tales da\u00f1os. Debido a que algunas jurisdicciones no permiten limitaciones en las garant\u00edas impl\u00edcitas o limitaciones en la responsabilidad por da\u00f1os consecuentes o incidentales, es posible que estas limitaciones no se apliquen a usted.<\/p>\n<p class=\"p1\"><strong>5. Precisi\u00f3n de los materiales<\/strong><\/p>\n<p class=\"p1\">Los materiales que aparecen en el sitio web de Eliana Baraldi Abogados pueden incluir errores t\u00e9cnicos, tipogr\u00e1ficos o fotogr\u00e1ficos. Eliana Baraldi Advogados no garantiza que ninguno de los materiales en su sitio web sea exacto, completo o actual. Eliana Baraldi Abogados puede realizar cambios en los materiales de su sitio web en cualquier momento sin previo aviso. Sin embargo, Eliana Baraldi Abogados no se compromete a actualizar los materiales.<\/p>\n<p class=\"p1\"><strong>6. Enlaces<\/strong><\/p>\n<p class=\"p1\">Eliana Baraldi Advogados no ha analizado todos los sitios vinculados a su sitio y no es responsable por el contenido de ning\u00fan sitio vinculado. La inclusi\u00f3n de cualquier v\u00ednculo no implica aprobaci\u00f3n por parte de Eliana Baraldi Advogados del sitio. El uso de cualquier sitio vinculado es bajo el propio riesgo del usuario.<\/p>\n<p class=\"p1\"><strong>Modificaciones<\/strong><\/p>\n<p class=\"p1\">Eliana Baraldi Advogados puede revisar estos t\u00e9rminos de servicio del sitio web en cualquier momento sin previo aviso. Al usar este sitio web, usted acepta estar sujeto a la versi\u00f3n actual de estos t\u00e9rminos de servicio.<\/p>\n<p class=\"p1\"><strong>Ley aplicable<\/strong><\/p>\n<p class=\"p1\">Estos t\u00e9rminos y condiciones se rigen e interpretan de acuerdo con las leyes de Eliana Baraldi Advogados y usted se somete irrevocablemente a la jurisdicci\u00f3n exclusiva de los tribunales de ese estado o localidad.<\/p>\n<p>&nbsp;<\/p>\n","protected":false},"excerpt":{"rendered":"<p>T\u00e9rminos de servicio 1. T\u00e9rminos Al acceder al sitio web de Eliana Baraldi Abogados, usted acepta cumplir con estos t\u00e9rminos<span class=\"excerpt-hellip\"> [\u2026]<\/span><\/p>\n","protected":false},"author":2,"featured_media":0,"parent":0,"menu_order":0,"comment_status":"closed","ping_status":"closed","template":"","meta":{"footnotes":""},"class_list":["post-772","page","type-page","status-publish","hentry"],"_links":{"self":[{"href":"https:\/\/elianabaraldi.com.br\/es\/wp-json\/wp\/v2\/pages\/772","targetHints":{"allow":["GET"]}}],"collection":[{"href":"https:\/\/elianabaraldi.com.br\/es\/wp-json\/wp\/v2\/pages"}],"about":[{"href":"https:\/\/elianabaraldi.com.br\/es\/wp-json\/wp\/v2\/types\/page"}],"author":[{"embeddable":true,"href":"https:\/\/elianabaraldi.com.br\/es\/wp-json\/wp\/v2\/users\/2"}],"replies":[{"embeddable":true,"href":"https:\/\/elianabaraldi.com.br\/es\/wp-json\/wp\/v2\/comments?post=772"}],"version-history":[{"count":1,"href":"https:\/\/elianabaraldi.com.br\/es\/wp-json\/wp\/v2\/pages\/772\/revisions"}],"predecessor-version":[{"id":776,"href":"https:\/\/elianabaraldi.com.br\/es\/wp-json\/wp\/v2\/pages\/772\/revisions\/776"}],"wp:attachment":[{"href":"https:\/\/elianabaraldi.com.br\/es\/wp-json\/wp\/v2\/media?parent=772"}],"curies":[{"name":"wp","href":"https:\/\/api.w.org\/{rel}","templated":true}]}}